{"id":21,"date":"2020-02-24T13:55:30","date_gmt":"2020-02-24T13:55:30","guid":{"rendered":"http:\/\/feuerwehrlage.com\/?page_id=21"},"modified":"2025-06-03T17:02:22","modified_gmt":"2025-06-03T15:02:22","slug":"impressum","status":"publish","type":"page","link":"https:\/\/feuerwehrlage.com\/?page_id=21","title":{"rendered":"Impressum"},"content":{"rendered":"\n<p class=\"has-text-align-center\"><strong>Angaben gem\u00e4\u00df \u00a7 5 TMG <strong>und verantwortlich f\u00fcr den Inhalt nach \u00a7 55 Abs. 2 RStV:<\/strong>:<\/strong><\/p>\n\n\n\n<p class=\"has-text-align-center\">Ortsbrandmeister<\/p>\n\n\n\n<p class=\"has-text-align-center\">Jannik Scholte-Eekhoff<\/p>\n\n\n\n<p class=\"has-text-align-center\">Am Nordbecksgraben 5<br><\/p>\n\n\n\n<p class=\"has-text-align-center\"><strong>Haftungsausschluss:<\/strong><\/p>\n\n\n\n<p class=\"has-text-align-center\"><strong>Haftung f\u00fcr Inhalte<\/strong><\/p>\n\n\n\n<p class=\"has-text-align-center\">Die Inhalte unserer Seiten wurden mit \ngr\u00f6\u00dfter Sorgfalt erstellt.        F\u00fcr die Richtigkeit, Vollst\u00e4ndigkeit \nund Aktualit\u00e4t der Inhalte        k\u00f6nnen wir jedoch keine Gew\u00e4hr \n\u00fcbernehmen. Als Diensteanbieter sind wir gem\u00e4\u00df \u00a7 7 Abs.1 TMG f\u00fcr        \neigene Inhalte auf diesen Seiten nach den allgemeinen Gesetzen \nverantwortlich.        Nach \u00a7\u00a7 8 bis 10 TMG sind wir als Diensteanbieter\n jedoch nicht        verpflichtet, \u00fcbermittelte oder gespeicherte fremde\n Informationen zu        \u00fcberwachen oder nach Umst\u00e4nden zu forschen, die\n auf eine rechtswidrige        T\u00e4tigkeit hinweisen. Verpflichtungen zur \nEntfernung oder Sperrung der        Nutzung von Informationen nach den \nallgemeinen Gesetzen bleiben hiervon        unber\u00fchrt. Eine \ndiesbez\u00fcgliche Haftung ist jedoch erst ab dem        Zeitpunkt der \nKenntnis einer konkreten Rechtsverletzung m\u00f6glich. Bei        \nBekanntwerden von entsprechenden Rechtsverletzungen werden wir diese \nInhalte        umgehend entfernen.<\/p>\n\n\n\n<p class=\"has-text-align-center\"><strong>Haftung f\u00fcr Links<\/strong><\/p>\n\n\n\n<p class=\"has-text-align-center\">Unser Angebot enth\u00e4lt Links zu externen \nWebseiten Dritter, auf deren        Inhalte wir keinen Einfluss haben. \nDeshalb k\u00f6nnen wir f\u00fcr diese        fremden Inhalte auch keine Gew\u00e4hr \n\u00fcbernehmen. F\u00fcr die Inhalte        der verlinkten Seiten ist stets der \njeweilige Anbieter oder Betreiber der        Seiten verantwortlich. Die \nverlinkten Seiten wurden zum Zeitpunkt der Verlinkung        auf \nm\u00f6gliche Rechtsverst\u00f6\u00dfe \u00fcberpr\u00fcft. Rechtswidrige        Inhalte waren \nzum Zeitpunkt der Verlinkung nicht erkennbar. Eine permanente        \ninhaltliche Kontrolle der verlinkten Seiten ist jedoch ohne konkrete \nAnhaltspunkte        einer Rechtsverletzung nicht zumutbar. Bei \nBekanntwerden von Rechtsverletzungen        werden wir derartige Links \numgehend entfernen.<\/p>\n\n\n\n<p class=\"has-text-align-center\"><strong>Urheberrecht<\/strong><\/p>\n\n\n\n<p class=\"has-text-align-center\">Die durch die Seitenbetreiber erstellten \nInhalte und Werke auf  diesen Seiten        unterliegen dem deutschen \nUrheberrecht. Die Vervielf\u00e4ltigung,  Bearbeitung, Verbreitung und       \n jede Art der Verwertung au\u00dferhalb der Grenzen des Urheberrechtes  \nbed\u00fcrfen        der schriftlichen Zustimmung des jeweiligen Autors bzw. \n Erstellers. Downloads        und Kopien dieser Seite sind nur f\u00fcr den \nprivaten, nicht  kommerziellen        Gebrauch gestattet. Soweit die \nInhalte auf dieser Seite nicht vom  Betreiber erstellt wurden,        \nwerden die Urheberrechte Dritter beachtet. Insbesondere werden  Inhalte \nDritter als solche        gekennzeichnet. Sollten Sie trotzdem auf eine \n Urheberrechtsverletzung aufmerksam werden, bitten wir um einen  \nentsprechenden Hinweis.        Bei Bekanntwerden von Rechtsverletzungen \nwerden wir derartige  Inhalte umgehend entfernen.<\/p>\n\n\n\n<p class=\"has-text-align-center\"><strong>Datenschutz<\/strong><\/p>\n\n\n\n<p class=\"has-text-align-center\">Die Nutzung unserer Webseite ist in der \nRegel ohne Angabe  personenbezogener Daten m\u00f6glich. Soweit auf unseren \nSeiten  personenbezogene Daten (beispielsweise Name,        Anschrift \noder eMail-Adressen) erhoben werden, erfolgt dies,  soweit m\u00f6glich, \nstets auf freiwilliger Basis. Diese Daten werden ohne  Ihre \nausdr\u00fcckliche Zustimmung nicht an Dritte weitergegeben.<\/p>\n\n\n\n<p class=\"has-text-align-center\">Wir weisen darauf hin, dass die \nDaten\u00fcbertragung im Internet (z.B.        bei der Kommunikation per \nE-Mail) Sicherheitsl\u00fccken aufweisen kann.        Ein l\u00fcckenloser Schutz \nder Daten vor dem Zugriff durch Dritte ist nicht        m\u00f6glich.<\/p>\n\n\n\n<p class=\"has-text-align-center\">Der Nutzung von im Rahmen der \nImpressumspflicht ver\u00f6ffentlichten Kontaktdaten        durch Dritte zur \n\u00dcbersendung von nicht ausdr\u00fccklich angeforderter        Werbung und \nInformationsmaterialien wird hiermit ausdr\u00fccklich widersprochen.        \nDie Betreiber der Seiten behalten sich ausdr\u00fccklich rechtliche Schritte \n       im Falle der unverlangten Zusendung von Werbeinformationen, etwa \ndurch Spam-Mails,        vor.<\/p>\n","protected":false},"excerpt":{"rendered":"<p>Angaben gem\u00e4\u00df \u00a7 5 TMG und verantwortlich f\u00fcr den Inhalt nach \u00a7 55 Abs. 2 RStV:: Ortsbrandmeister Jannik Scholte-Eekhoff Am Nordbecksgraben 5 Haftungsausschluss: Haftung f\u00fcr Inhalte Die Inhalte unserer Seiten wurden mit gr\u00f6\u00dfter Sorgfalt erstellt. F\u00fcr die Richtigkeit, Vollst\u00e4ndigkeit und Aktualit\u00e4t der Inhalte k\u00f6nnen wir jedoch keine Gew\u00e4hr \u00fcbernehmen. Als Diensteanbieter sind wir gem\u00e4\u00df \u00a7&hellip; <br \/> <a class=\"read-more\" href=\"https:\/\/feuerwehrlage.com\/?page_id=21\">Weiterlesen<\/a><\/p>\n","protected":false},"author":1,"featured_media":0,"parent":0,"menu_order":0,"comment_status":"closed","ping_status":"closed","template":"","meta":{"footnotes":""},"class_list":["post-21","page","type-page","status-publish","hentry"],"_links":{"self":[{"href":"https:\/\/feuerwehrlage.com\/index.php?rest_route=\/wp\/v2\/pages\/21","targetHints":{"allow":["GET"]}}],"collection":[{"href":"https:\/\/feuerwehrlage.com\/index.php?rest_route=\/wp\/v2\/pages"}],"about":[{"href":"https:\/\/feuerwehrlage.com\/index.php?rest_route=\/wp\/v2\/types\/page"}],"author":[{"embeddable":true,"href":"https:\/\/feuerwehrlage.com\/index.php?rest_route=\/wp\/v2\/users\/1"}],"replies":[{"embeddable":true,"href":"https:\/\/feuerwehrlage.com\/index.php?rest_route=%2Fwp%2Fv2%2Fcomments&post=21"}],"version-history":[{"count":3,"href":"https:\/\/feuerwehrlage.com\/index.php?rest_route=\/wp\/v2\/pages\/21\/revisions"}],"predecessor-version":[{"id":1457,"href":"https:\/\/feuerwehrlage.com\/index.php?rest_route=\/wp\/v2\/pages\/21\/revisions\/1457"}],"wp:attachment":[{"href":"https:\/\/feuerwehrlage.com\/index.php?rest_route=%2Fwp%2Fv2%2Fmedia&parent=21"}],"curies":[{"name":"wp","href":"https:\/\/api.w.org\/{rel}","templated":true}]}}