{"id":118,"date":"2020-02-24T15:30:33","date_gmt":"2020-02-24T15:30:33","guid":{"rendered":"http:\/\/feuerwehrlage.com\/?page_id=118"},"modified":"2025-12-02T18:34:09","modified_gmt":"2025-12-02T16:34:09","slug":"elw","status":"publish","type":"page","link":"https:\/\/feuerwehrlage.com\/?page_id=118","title":{"rendered":"MTW"},"content":{"rendered":"\n<p class=\"has-text-align-center\">8 Sitzpl\u00e4tze <\/p>\n\n\n\n<p class=\"has-text-align-center\">Fest verbauter Tisch im Mannschaftsraum<\/p>\n\n\n\n<p class=\"has-text-align-center\">Fahrzeugeigenes WLAN inkl. mobiler Internetanbindung<\/p>\n\n\n\n<p class=\"has-text-align-center\">Notebook<\/p>\n\n\n\n<p class=\"has-text-align-center\">2x MRT Funkger\u00e4t, 4x HRT Funkger\u00e4t<\/p>\n\n\n\n<p class=\"has-text-align-center\">Durchsagem\u00f6glichkeit \u00fcber Au\u00dfenlautsprecher und Stabmikrofon<\/p>\n\n\n\n<p class=\"has-text-align-center\">6x Handleuchten<\/p>\n\n\n\n<p class=\"has-text-align-center\">2x Atemschutzger\u00e4te<\/p>\n\n\n\n<p class=\"has-text-align-center\">6x Ersatz-Atemschutzflaschen<\/p>\n\n\n\n<p class=\"has-text-align-center\">1x Feuerl\u00f6scher Fettbrand, 1x Feuerl\u00f6scher ABC<\/p>\n\n\n\n<p class=\"has-text-align-center\">1x Motors\u00e4ge + Schutzbekleidung<\/p>\n\n\n\n<p class=\"has-text-align-center\">1x Powermoon + Stativ<\/p>\n\n\n\n<p class=\"has-text-align-center\">kleiner Stromaggregat<\/p>\n\n\n\n<p class=\"has-text-align-center\">Materialien zur Verkehrssicherung<\/p>\n\n\n\n<p class=\"has-text-align-center\">Atemschutzmasken\/Filter<\/p>\n\n\n\n<p class=\"has-text-align-center\">Weiteres, verschiedenes Feuerwehrtechnisches Kleinmaterial<\/p>\n\n\n\n<figure class=\"wp-block-image size-large\"><img loading=\"lazy\" decoding=\"async\" width=\"1024\" height=\"768\" src=\"https:\/\/feuerwehrlage.com\/wp-content\/uploads\/2025\/12\/WhatsApp-Image-2025-12-042-at-14.25.30-1024x768.jpeg\" alt=\"\" class=\"wp-image-1475\" srcset=\"https:\/\/feuerwehrlage.com\/wp-content\/uploads\/2025\/12\/WhatsApp-Image-2025-12-042-at-14.25.30-1024x768.jpeg 1024w, https:\/\/feuerwehrlage.com\/wp-content\/uploads\/2025\/12\/WhatsApp-Image-2025-12-042-at-14.25.30-300x225.jpeg 300w, https:\/\/feuerwehrlage.com\/wp-content\/uploads\/2025\/12\/WhatsApp-Image-2025-12-042-at-14.25.30-768x576.jpeg 768w, https:\/\/feuerwehrlage.com\/wp-content\/uploads\/2025\/12\/WhatsApp-Image-2025-12-042-at-14.25.30-1536x1152.jpeg 1536w, https:\/\/feuerwehrlage.com\/wp-content\/uploads\/2025\/12\/WhatsApp-Image-2025-12-042-at-14.25.30-1440x1080.jpeg 1440w, https:\/\/feuerwehrlage.com\/wp-content\/uploads\/2025\/12\/WhatsApp-Image-2025-12-042-at-14.25.30.jpeg 1600w\" sizes=\"auto, (max-width: 1024px) 100vw, 1024px\" \/><\/figure>\n\n\n\n<figure class=\"wp-block-image size-large\"><img loading=\"lazy\" decoding=\"async\" width=\"1024\" height=\"768\" src=\"https:\/\/feuerwehrlage.com\/wp-content\/uploads\/2025\/12\/WhatsApp-Image-2025-12-02-at-148-1024x768.jpeg\" alt=\"\" class=\"wp-image-1476\" srcset=\"https:\/\/feuerwehrlage.com\/wp-content\/uploads\/2025\/12\/WhatsApp-Image-2025-12-02-at-148-1024x768.jpeg 1024w, https:\/\/feuerwehrlage.com\/wp-content\/uploads\/2025\/12\/WhatsApp-Image-2025-12-02-at-148-300x225.jpeg 300w, https:\/\/feuerwehrlage.com\/wp-content\/uploads\/2025\/12\/WhatsApp-Image-2025-12-02-at-148-768x576.jpeg 768w, https:\/\/feuerwehrlage.com\/wp-content\/uploads\/2025\/12\/WhatsApp-Image-2025-12-02-at-148-1536x1152.jpeg 1536w, https:\/\/feuerwehrlage.com\/wp-content\/uploads\/2025\/12\/WhatsApp-Image-2025-12-02-at-148-1440x1080.jpeg 1440w, https:\/\/feuerwehrlage.com\/wp-content\/uploads\/2025\/12\/WhatsApp-Image-2025-12-02-at-148.jpeg 1600w\" sizes=\"auto, (max-width: 1024px) 100vw, 1024px\" \/><\/figure>\n\n\n\n<figure class=\"wp-block-image size-large\"><img loading=\"lazy\" decoding=\"async\" width=\"1024\" height=\"768\" src=\"https:\/\/feuerwehrlage.com\/wp-content\/uploads\/2025\/12\/WhatsApp-Image-2025-12-024-at-14.25.29-1024x768.jpeg\" alt=\"\" class=\"wp-image-1477\" srcset=\"https:\/\/feuerwehrlage.com\/wp-content\/uploads\/2025\/12\/WhatsApp-Image-2025-12-024-at-14.25.29-1024x768.jpeg 1024w, https:\/\/feuerwehrlage.com\/wp-content\/uploads\/2025\/12\/WhatsApp-Image-2025-12-024-at-14.25.29-300x225.jpeg 300w, https:\/\/feuerwehrlage.com\/wp-content\/uploads\/2025\/12\/WhatsApp-Image-2025-12-024-at-14.25.29-768x576.jpeg 768w, https:\/\/feuerwehrlage.com\/wp-content\/uploads\/2025\/12\/WhatsApp-Image-2025-12-024-at-14.25.29-1536x1152.jpeg 1536w, https:\/\/feuerwehrlage.com\/wp-content\/uploads\/2025\/12\/WhatsApp-Image-2025-12-024-at-14.25.29-1440x1080.jpeg 1440w, https:\/\/feuerwehrlage.com\/wp-content\/uploads\/2025\/12\/WhatsApp-Image-2025-12-024-at-14.25.29.jpeg 1600w\" sizes=\"auto, (max-width: 1024px) 100vw, 1024px\" \/><\/figure>\n\n\n\n<figure class=\"wp-block-image size-large\"><img loading=\"lazy\" decoding=\"async\" width=\"768\" height=\"1024\" src=\"https:\/\/feuerwehrlage.com\/wp-content\/uploads\/2025\/12\/2-768x1024.jpeg\" alt=\"\" class=\"wp-image-1478\" srcset=\"https:\/\/feuerwehrlage.com\/wp-content\/uploads\/2025\/12\/2-768x1024.jpeg 768w, https:\/\/feuerwehrlage.com\/wp-content\/uploads\/2025\/12\/2-225x300.jpeg 225w, https:\/\/feuerwehrlage.com\/wp-content\/uploads\/2025\/12\/2-1152x1536.jpeg 1152w, https:\/\/feuerwehrlage.com\/wp-content\/uploads\/2025\/12\/2-1024x1365.jpeg 1024w, https:\/\/feuerwehrlage.com\/wp-content\/uploads\/2025\/12\/2-810x1080.jpeg 810w, https:\/\/feuerwehrlage.com\/wp-content\/uploads\/2025\/12\/2.jpeg 1200w\" sizes=\"auto, (max-width: 768px) 100vw, 768px\" \/><\/figure>\n\n\n\n<figure class=\"wp-block-image size-large\"><img loading=\"lazy\" decoding=\"async\" width=\"1024\" height=\"768\" src=\"https:\/\/feuerwehrlage.com\/wp-content\/uploads\/2025\/12\/WhatsApp-Image-2025-12-02-at-150-1024x768.jpeg\" alt=\"\" class=\"wp-image-1479\" srcset=\"https:\/\/feuerwehrlage.com\/wp-content\/uploads\/2025\/12\/WhatsApp-Image-2025-12-02-at-150-1024x768.jpeg 1024w, https:\/\/feuerwehrlage.com\/wp-content\/uploads\/2025\/12\/WhatsApp-Image-2025-12-02-at-150-300x225.jpeg 300w, https:\/\/feuerwehrlage.com\/wp-content\/uploads\/2025\/12\/WhatsApp-Image-2025-12-02-at-150-768x576.jpeg 768w, https:\/\/feuerwehrlage.com\/wp-content\/uploads\/2025\/12\/WhatsApp-Image-2025-12-02-at-150-1536x1152.jpeg 1536w, https:\/\/feuerwehrlage.com\/wp-content\/uploads\/2025\/12\/WhatsApp-Image-2025-12-02-at-150-1440x1080.jpeg 1440w, https:\/\/feuerwehrlage.com\/wp-content\/uploads\/2025\/12\/WhatsApp-Image-2025-12-02-at-150.jpeg 1600w\" sizes=\"auto, (max-width: 1024px) 100vw, 1024px\" \/><\/figure>\n\n\n\n<figure class=\"wp-block-image size-large\"><img loading=\"lazy\" decoding=\"async\" width=\"768\" height=\"1024\" src=\"https:\/\/feuerwehrlage.com\/wp-content\/uploads\/2025\/12\/WhatsApp-Image-2025-12-02-at-14.25.28-768x1024.jpeg\" alt=\"\" class=\"wp-image-1480\" srcset=\"https:\/\/feuerwehrlage.com\/wp-content\/uploads\/2025\/12\/WhatsApp-Image-2025-12-02-at-14.25.28-768x1024.jpeg 768w, https:\/\/feuerwehrlage.com\/wp-content\/uploads\/2025\/12\/WhatsApp-Image-2025-12-02-at-14.25.28-225x300.jpeg 225w, https:\/\/feuerwehrlage.com\/wp-content\/uploads\/2025\/12\/WhatsApp-Image-2025-12-02-at-14.25.28-1152x1536.jpeg 1152w, https:\/\/feuerwehrlage.com\/wp-content\/uploads\/2025\/12\/WhatsApp-Image-2025-12-02-at-14.25.28-1024x1365.jpeg 1024w, https:\/\/feuerwehrlage.com\/wp-content\/uploads\/2025\/12\/WhatsApp-Image-2025-12-02-at-14.25.28-810x1080.jpeg 810w, https:\/\/feuerwehrlage.com\/wp-content\/uploads\/2025\/12\/WhatsApp-Image-2025-12-02-at-14.25.28.jpeg 1200w\" sizes=\"auto, (max-width: 768px) 100vw, 768px\" \/><\/figure>\n","protected":false},"excerpt":{"rendered":"<p>8 Sitzpl\u00e4tze Fest verbauter Tisch im Mannschaftsraum Fahrzeugeigenes WLAN inkl. mobiler Internetanbindung Notebook 2x MRT Funkger\u00e4t, 4x HRT Funkger\u00e4t Durchsagem\u00f6glichkeit \u00fcber Au\u00dfenlautsprecher und Stabmikrofon 6x Handleuchten 2x Atemschutzger\u00e4te 6x Ersatz-Atemschutzflaschen 1x Feuerl\u00f6scher Fettbrand, 1x Feuerl\u00f6scher ABC 1x Motors\u00e4ge + Schutzbekleidung 1x Powermoon + Stativ kleiner Stromaggregat Materialien zur Verkehrssicherung Atemschutzmasken\/Filter Weiteres, verschiedenes Feuerwehrtechnisches Kleinmaterial<\/p>\n","protected":false},"author":1,"featured_media":0,"parent":0,"menu_order":0,"comment_status":"closed","ping_status":"closed","template":"","meta":{"footnotes":""},"class_list":["post-118","page","type-page","status-publish","hentry"],"_links":{"self":[{"href":"https:\/\/feuerwehrlage.com\/index.php?rest_route=\/wp\/v2\/pages\/118","targetHints":{"allow":["GET"]}}],"collection":[{"href":"https:\/\/feuerwehrlage.com\/index.php?rest_route=\/wp\/v2\/pages"}],"about":[{"href":"https:\/\/feuerwehrlage.com\/index.php?rest_route=\/wp\/v2\/types\/page"}],"author":[{"embeddable":true,"href":"https:\/\/feuerwehrlage.com\/index.php?rest_route=\/wp\/v2\/users\/1"}],"replies":[{"embeddable":true,"href":"https:\/\/feuerwehrlage.com\/index.php?rest_route=%2Fwp%2Fv2%2Fcomments&post=118"}],"version-history":[{"count":8,"href":"https:\/\/feuerwehrlage.com\/index.php?rest_route=\/wp\/v2\/pages\/118\/revisions"}],"predecessor-version":[{"id":1481,"href":"https:\/\/feuerwehrlage.com\/index.php?rest_route=\/wp\/v2\/pages\/118\/revisions\/1481"}],"wp:attachment":[{"href":"https:\/\/feuerwehrlage.com\/index.php?rest_route=%2Fwp%2Fv2%2Fmedia&parent=118"}],"curies":[{"name":"wp","href":"https:\/\/api.w.org\/{rel}","templated":true}]}}